{"id":91,"date":"2022-02-19T16:59:11","date_gmt":"2022-02-19T16:59:11","guid":{"rendered":"https:\/\/wp.seistar.no\/?page_id=91"},"modified":"2022-04-18T17:09:39","modified_gmt":"2022-04-18T17:09:39","slug":"front","status":"publish","type":"page","link":"https:\/\/www.seistar.no\/en\/","title":{"rendered":"Home"},"content":{"rendered":"<div class=\"wp-block-columns wp-block-columns-mobile is-layout-flex wp-container-core-columns-is-layout-9d6595d7 wp-block-columns-is-layout-flex\">\n<div class=\"wp-block-column -mt-40 bg-white p-6 rounded drop-shadow-2xl  sm:front-box-margin is-layout-flow wp-block-column-is-layout-flow\" style=\"flex-basis:33.33%\"><div class=\"flex mb-5\">\n<div class=\"text-2xl font-light uppercase text-seistar-blue\">Wellboats<\/div>\n<div class=\"grow my-auto ml-2\">\n<hr class=\"w-36 h-full bg-seistar-blue bg-gradient-to-r from-seistar-blue to-white h-0.5\">\n  <\/div>\n<\/div>\n<div>\n<p>Seistar offers loading, unloading and transporting of smolt, salmon and trout. <\/p>\n<p>Our well boats are designed to make handling and transporting the fish as gently as possible. <\/p>\n<p>We always ensure high quality services in terms of welfare and economy.<\/p>\n<\/div>\n<\/div>\n\n\n\n<div class=\"wp-block-column -mt-40 bg-white p-6 rounded drop-shadow-2xl is-layout-flow wp-block-column-is-layout-flow\" style=\"flex-basis:33.33%\"><div class=\"flex mb-5\">\n<div class=\"text-2xl font-light uppercase text-seistar-blue\">Delousing &amp; treatment<\/div>\n<div class=\"grow my-auto ml-2\">\n<hr class=\"h-full bg-seistar-blue bg-gradient-to-r from-seistar-blue to-white h-0.5\">\n  <\/div>\n<\/div>\n<div>\n<p>The Seistar fleet is equipped using the latest and most effective solutions, such that we can focus on handling the fish as gentle as possible while delousing or other treatments are carried out. <\/p>\n<p>We always look improve our processes and focus on fish welfare. <\/p>\n<p>Get in touch to know more about our wide range in different services within treatments.<\/p>\n<\/div>\n<\/div>\n\n\n\n<div class=\"wp-block-column -mt-40 bg-white p-6 rounded drop-shadow-2xl is-layout-flow wp-block-column-is-layout-flow\" style=\"flex-basis:33.33%\"><div class=\"flex mb-5\">\n<div class=\"text-2xl font-light uppercase text-seistar-blue\">Slaughter boats<\/div>\n<div class=\"grow my-auto ml-2\">\n<hr class=\"h-full bg-seistar-blue bg-gradient-to-r from-seistar-blue to-white h-0.5\" \/>\n<\/div>\n<\/div>\n<div>\n<p>We have a modern fleet of slaughter vessels offering automated and effective onboard slaughtering and delivery. <\/p>\n<p>Our personell have wast experience and is known to deliver great results and quality.<\/p>\n<\/div>\n<\/div>\n<\/div>\n\n\n\n<div class=\"wp-block-group mt-16 bg-white p-6 rounded drop-shadow-2xl no-p is-layout-flex wp-block-group-is-layout-flex\"><div class=\"text-2xl font-light text-seistar-blue\">\n<p>Seistar er et selskap i kontinuerlig utvikling og vi har ett stort fokus p\u00e5 kontinuerlig forbedring av tjenestene vi leverer.  V\u00e5rt m\u00e5l er \u00e5 v\u00e6re den foretrukne partner for v\u00e5re kunder<\/p>\n<\/div>\n<\/div>\n\n\n\n<p><\/p>","protected":false},"excerpt":{"rendered":"","protected":false},"author":1,"featured_media":0,"parent":0,"menu_order":0,"comment_status":"closed","ping_status":"closed","template":"","meta":{"footnotes":""},"class_list":["post-91","page","type-page","status-publish","hentry"],"_links":{"self":[{"href":"https:\/\/www.seistar.no\/en\/wp-json\/wp\/v2\/pages\/91","targetHints":{"allow":["GET"]}}],"collection":[{"href":"https:\/\/www.seistar.no\/en\/wp-json\/wp\/v2\/pages"}],"about":[{"href":"https:\/\/www.seistar.no\/en\/wp-json\/wp\/v2\/types\/page"}],"author":[{"embeddable":true,"href":"https:\/\/www.seistar.no\/en\/wp-json\/wp\/v2\/users\/1"}],"replies":[{"embeddable":true,"href":"https:\/\/www.seistar.no\/en\/wp-json\/wp\/v2\/comments?post=91"}],"version-history":[{"count":49,"href":"https:\/\/www.seistar.no\/en\/wp-json\/wp\/v2\/pages\/91\/revisions"}],"predecessor-version":[{"id":886,"href":"https:\/\/www.seistar.no\/en\/wp-json\/wp\/v2\/pages\/91\/revisions\/886"}],"wp:attachment":[{"href":"https:\/\/www.seistar.no\/en\/wp-json\/wp\/v2\/media?parent=91"}],"curies":[{"name":"wp","href":"https:\/\/api.w.org\/{rel}","templated":true}]}}